{"id":103,"date":"2021-04-09T13:30:50","date_gmt":"2021-04-09T11:30:50","guid":{"rendered":"https:\/\/intlprojects2.ugr.es\/migrimage_web\/?page_id=103"},"modified":"2022-09-21T12:47:29","modified_gmt":"2022-09-21T10:47:29","slug":"que-es-migrimage","status":"publish","type":"page","link":"https:\/\/intlprojects2.ugr.es\/migrimage_web\/que-es-migrimage\/","title":{"rendered":"\u00bfQu\u00e9 es Migrimage?"},"content":{"rendered":"\t\t<div data-elementor-type=\"wp-page\" data-elementor-id=\"103\" class=\"elementor elementor-103\" data-elementor-post-type=\"page\">\n\t\t\t\t\t\t<section class=\"elementor-section elementor-top-section elementor-element elementor-element-2088ea4 elementor-section-boxed elementor-section-height-default elementor-section-height-default\" data-id=\"2088ea4\" data-element_type=\"section\" data-e-type=\"section\">\n\t\t\t\t\t\t<div class=\"elementor-container elementor-column-gap-default\">\n\t\t\t\t\t<div class=\"elementor-column elementor-col-100 elementor-top-column elementor-element elementor-element-ec3698a\" data-id=\"ec3698a\" data-element_type=\"column\" data-e-type=\"column\">\n\t\t\t<div class=\"elementor-widget-wrap elementor-element-populated\">\n\t\t\t\t\t\t<div class=\"elementor-element elementor-element-f4987cd elementor-widget elementor-widget-heading\" data-id=\"f4987cd\" data-element_type=\"widget\" data-e-type=\"widget\" data-widget_type=\"heading.default\">\n\t\t\t\t<div class=\"elementor-widget-container\">\n\t\t\t\t\t<h1 class=\"elementor-heading-title elementor-size-default\">\u00bfQu\u00e9 es Migrimage?<\/h1>\t\t\t\t<\/div>\n\t\t\t\t<\/div>\n\t\t\t\t\t<\/div>\n\t\t<\/div>\n\t\t\t\t\t<\/div>\n\t\t<\/section>\n\t\t\t\t<section class=\"elementor-section elementor-top-section elementor-element elementor-element-d541542 elementor-section-boxed elementor-section-height-default elementor-section-height-default\" data-id=\"d541542\" data-element_type=\"section\" data-e-type=\"section\">\n\t\t\t\t\t\t<div class=\"elementor-container elementor-column-gap-default\">\n\t\t\t\t\t<div class=\"elementor-column elementor-col-33 elementor-top-column elementor-element elementor-element-4b2d2f3 elementor-hidden-phone\" data-id=\"4b2d2f3\" data-element_type=\"column\" data-e-type=\"column\">\n\t\t\t<div class=\"elementor-widget-wrap elementor-element-populated\">\n\t\t\t\t\t\t<div class=\"elementor-element elementor-element-d86de2f elementor-nav-menu__align-start elementor-nav-menu--dropdown-none elementor-widget elementor-widget-nav-menu\" data-id=\"d86de2f\" data-element_type=\"widget\" data-e-type=\"widget\" data-settings=\"{&quot;layout&quot;:&quot;vertical&quot;,&quot;submenu_icon&quot;:{&quot;value&quot;:&quot;&lt;i class=\\&quot;\\&quot; aria-hidden=\\&quot;true\\&quot;&gt;&lt;\\\/i&gt;&quot;,&quot;library&quot;:&quot;&quot;}}\" data-widget_type=\"nav-menu.default\">\n\t\t\t\t<div class=\"elementor-widget-container\">\n\t\t\t\t\t\t\t\t<nav aria-label=\"Men\u00fa\" class=\"elementor-nav-menu--main elementor-nav-menu__container elementor-nav-menu--layout-vertical e--pointer-text e--animation-none\">\n\t\t\t\t<ul id=\"menu-1-d86de2f\" class=\"elementor-nav-menu sm-vertical\"><li class=\"menu-item menu-item-type-post_type menu-item-object-page menu-item-619\"><a href=\"https:\/\/intlprojects2.ugr.es\/migrimage_web\/que-es-migrimage\/\" class=\"elementor-item menu-link\">\u00bfQu\u00e9 es Migrimage?<\/a><\/li>\n<li class=\"menu-item menu-item-type-post_type menu-item-object-page menu-item-620\"><a href=\"https:\/\/intlprojects2.ugr.es\/migrimage_web\/quienes-somos\/\" class=\"elementor-item menu-link\">Qui\u00e9nes somos<\/a><\/li>\n<li class=\"menu-item menu-item-type-post_type menu-item-object-page menu-item-621\"><a href=\"https:\/\/intlprojects2.ugr.es\/migrimage_web\/que-hacemos\/\" class=\"elementor-item menu-link\">\u00bfQu\u00e9 hacemos?<\/a><\/li>\n<li class=\"menu-item menu-item-type-taxonomy menu-item-object-category menu-item-622\"><a href=\"https:\/\/intlprojects2.ugr.es\/migrimage_web\/category\/noticias\/\" class=\"elementor-item menu-link\">Noticias<\/a><\/li>\n<\/ul>\t\t\t<\/nav>\n\t\t\t\t\t\t<nav class=\"elementor-nav-menu--dropdown elementor-nav-menu__container\" aria-hidden=\"true\">\n\t\t\t\t<ul id=\"menu-2-d86de2f\" class=\"elementor-nav-menu sm-vertical\"><li class=\"menu-item menu-item-type-post_type menu-item-object-page menu-item-619\"><a href=\"https:\/\/intlprojects2.ugr.es\/migrimage_web\/que-es-migrimage\/\" class=\"elementor-item menu-link\" tabindex=\"-1\">\u00bfQu\u00e9 es Migrimage?<\/a><\/li>\n<li class=\"menu-item menu-item-type-post_type menu-item-object-page menu-item-620\"><a href=\"https:\/\/intlprojects2.ugr.es\/migrimage_web\/quienes-somos\/\" class=\"elementor-item menu-link\" tabindex=\"-1\">Qui\u00e9nes somos<\/a><\/li>\n<li class=\"menu-item menu-item-type-post_type menu-item-object-page menu-item-621\"><a href=\"https:\/\/intlprojects2.ugr.es\/migrimage_web\/que-hacemos\/\" class=\"elementor-item menu-link\" tabindex=\"-1\">\u00bfQu\u00e9 hacemos?<\/a><\/li>\n<li class=\"menu-item menu-item-type-taxonomy menu-item-object-category menu-item-622\"><a href=\"https:\/\/intlprojects2.ugr.es\/migrimage_web\/category\/noticias\/\" class=\"elementor-item menu-link\" tabindex=\"-1\">Noticias<\/a><\/li>\n<\/ul>\t\t\t<\/nav>\n\t\t\t\t\t\t<\/div>\n\t\t\t\t<\/div>\n\t\t\t\t\t<\/div>\n\t\t<\/div>\n\t\t\t\t<div class=\"elementor-column elementor-col-66 elementor-top-column elementor-element elementor-element-70698d7\" data-id=\"70698d7\" data-element_type=\"column\" data-e-type=\"column\">\n\t\t\t<div class=\"elementor-widget-wrap elementor-element-populated\">\n\t\t\t\t\t\t<div class=\"elementor-element elementor-element-c251d58 elementor-widget elementor-widget-text-editor\" data-id=\"c251d58\" data-element_type=\"widget\" data-e-type=\"widget\" data-widget_type=\"text-editor.default\">\n\t\t\t\t<div class=\"elementor-widget-container\">\n\t\t\t\t\t\t\t\t\t<p>El contexto de emergencia global, resultado de la crisis sanitaria provocada por la pandemia de la Covid-19, no va a hacer sino empeorar las condiciones de vida actuales de refugiados y migrantes, as\u00ed como las posibilidades inmediatas de consecuci\u00f3n de sus objetivos vitales, ante el cierre de fronteras y endurecimiento de las pol\u00edticas migratorias. En este escenario, MIGRIMAGE se asienta en el marco de las recomendaciones generadas por la Comisi\u00f3n Europea contra el Racismo y la Intolerancia (ECRI General Policy Recommendation No. 15 on Combating Hate Speech), donde se detectan los conceptos y la informaci\u00f3n err\u00f3neos que constituyen la base del discurso de odio, y destaca el papel de la educaci\u00f3n para socavar estos discursos, facilitando y ejemplificando el di\u00e1logo intercultural y combatiendo la desinformaci\u00f3n, los estereotipos negativos y la estigmatizaci\u00f3n.<\/p><p>MIGRIMAGE:<i> Im\u00e1genes de la Migraci\u00f3n en la Frontera Sur de Europa<\/i>, es un proyecto financiado por el programa Erasmus+, acci\u00f3n clave 2 \u201cCooperaci\u00f3n para la innovaci\u00f3n y el intercambio de buenas pr\u00e1cticas\u201d, en el \u00e1mbito de las Asociaciones Estrat\u00e9gicas para la Educaci\u00f3n Superior. El proyecto tiene una duraci\u00f3n de 24 meses, del 01-10-2020 al 30-09-2020. La subvenci\u00f3n total del proyecto es de 289.247,00 euros.<\/p><p>MIGRIMAGE est\u00e1 liderado por la UGR y concita un equipo de 3 universidades \u2014Universidad de Granada (Granada, Ceuta y Melilla; Espa\u00f1a), Universidad de Salento (Lecce; Italia) y Universidad del Mar Egeo (Lesbos, Grecia)\u2014 y 3 ONGs \u2014Asociaci\u00f3n Solidaria Andaluza de Desarrollo, ASAD (Espa\u00f1a), ARCI Lecce Societa&#8217; Cooperativa Sociale (Italia) y Lesvos Solidarity (Grecia).<\/p><p>MIGRIMAGE propone desarrollar un programa educativo de posgrado (m\u00e1ster interuniversitario) en torno a los Estudios de Frontera y la Comunicaci\u00f3n. Este m\u00e1ster estar\u00e1 dise\u00f1ado conjuntamente entre las disciplinas de los estudios en comunicaci\u00f3n a trav\u00e9s de nuevos medios y transmedia, los estudios comparados en imagolog\u00eda, la sociolog\u00eda y geograf\u00eda humana de las migraciones, los contextos de frontera y el activismo social a trav\u00e9s de la comunicaci\u00f3n de derechos. El programa se desarrollar\u00e1 durante el proyecto apoyado en un laboratorio de pilotaje en seminarios presenciales, en un Mooc, as\u00ed como en el dise\u00f1o y desarrollo de un Webdoc (documental interactivo y plataforma de comunicaci\u00f3n transmedial), poniendo las bases para un observatorio internacional y colaborativo de comunicaci\u00f3n ciudadana sobre las migraciones.<\/p><p>El proyecto, coordinado por el catedr\u00e1tico de la UGR, Domingo S\u00e1nchez-Mesa Mart\u00ednez. Las ciudades auton\u00f3micas de Ceuta y Melilla (con sendos campus de la UGR), el sureste italiano y la isla de Lesbos en Grecia, son los lugares donde se propone el desarrollo del programa de pr\u00e1cticas del m\u00e1ster, combinando la formaci\u00f3n acad\u00e9mica proporcionada en las universidades con la experiencia sobre el terreno en regiones donde la situaci\u00f3n migratoria est\u00e1 mostrando su cara m\u00e1s urgente y cr\u00edtica en el Mediterr\u00e1neo.<\/p>\t\t\t\t\t\t\t\t<\/div>\n\t\t\t\t<\/div>\n\t\t\t\t\t<\/div>\n\t\t<\/div>\n\t\t\t\t\t<\/div>\n\t\t<\/section>\n\t\t\t\t<\/div>\n\t\t","protected":false},"excerpt":{"rendered":"<p>El contexto de emergencia global, resultado de la crisis sanitaria provocada por la pandemia de la Covid-19, no va a hacer sino empeorar las condiciones de vida actuales de refugiados y migrantes, as\u00ed como las posibilidades inmediatas de consecuci\u00f3n de sus objetivos vitales, ante el cierre de fronteras y endurecimiento de las pol\u00edticas migratorias. En &hellip;<\/p>\n<p class=\"read-more\"> <a class=\"\" href=\"https:\/\/intlprojects2.ugr.es\/migrimage_web\/que-es-migrimage\/\"> <span class=\"screen-reader-text\">\u00bfQu\u00e9 es Migrimage?<\/span> Leer m\u00e1s &raquo;<\/a><\/p>\n","protected":false},"author":1,"featured_media":0,"parent":0,"menu_order":0,"comment_status":"closed","ping_status":"closed","template":"","meta":{"footnotes":""},"class_list":["post-103","page","type-page","status-publish","hentry"],"_links":{"self":[{"href":"https:\/\/intlprojects2.ugr.es\/migrimage_web\/wp-json\/wp\/v2\/pages\/103","targetHints":{"allow":["GET"]}}],"collection":[{"href":"https:\/\/intlprojects2.ugr.es\/migrimage_web\/wp-json\/wp\/v2\/pages"}],"about":[{"href":"https:\/\/intlprojects2.ugr.es\/migrimage_web\/wp-json\/wp\/v2\/types\/page"}],"author":[{"embeddable":true,"href":"https:\/\/intlprojects2.ugr.es\/migrimage_web\/wp-json\/wp\/v2\/users\/1"}],"replies":[{"embeddable":true,"href":"https:\/\/intlprojects2.ugr.es\/migrimage_web\/wp-json\/wp\/v2\/comments?post=103"}],"version-history":[{"count":28,"href":"https:\/\/intlprojects2.ugr.es\/migrimage_web\/wp-json\/wp\/v2\/pages\/103\/revisions"}],"predecessor-version":[{"id":935,"href":"https:\/\/intlprojects2.ugr.es\/migrimage_web\/wp-json\/wp\/v2\/pages\/103\/revisions\/935"}],"wp:attachment":[{"href":"https:\/\/intlprojects2.ugr.es\/migrimage_web\/wp-json\/wp\/v2\/media?parent=103"}],"curies":[{"name":"wp","href":"https:\/\/api.w.org\/{rel}","templated":true}]}}