{"id":1082,"date":"2022-12-23T20:05:00","date_gmt":"2022-12-23T19:05:00","guid":{"rendered":"https:\/\/intlprojects2.ugr.es\/migrimage_web\/?page_id=1082"},"modified":"2022-12-23T20:05:01","modified_gmt":"2022-12-23T19:05:01","slug":"master-migrimage-en-estudios-de-culturas-fronterizas-y-comunicacion","status":"publish","type":"page","link":"https:\/\/intlprojects2.ugr.es\/migrimage_web\/master-migrimage-en-estudios-de-culturas-fronterizas-y-comunicacion\/","title":{"rendered":"Master MIGRIMAGE en Estudios de culturas fronterizas y Comunicaci\u00f3n."},"content":{"rendered":"\n<p><\/p>\n\n\n\n<p><strong>El proyecto Erasmus+ MIGRIMAGE desarrolla un M\u00e1ster Interuniversitario que se impartir\u00e1 a partir del curso 2023\/2024 en las universidades socias del proyecto. Este m\u00e1ster profundiza en los contextos de frontera de estos tres pa\u00edses del sur de Europa desde una perspectiva que vincula los estudios culturales con \u00e1reas espec\u00edficas que hemos considerado con de gran relevancia para \u201ccomunicar la frontera\u201d: las narrativas transmedia desde la perspectiva del activismo social, el periodismo digital, la geograf\u00eda, la comunicaci\u00f3n audiovisual, y la comunicaci\u00f3n para el cambio social.<\/strong><\/p>\n\n\n\n<iframe src=\"https:\/\/drive.google.com\/file\/d\/16pjFq8HEoqWjkFSJL1c3kFc48vINdbUv\/preview\" width=\"640\" height=\"960\" allow=\"autoplay\"><\/iframe>\n","protected":false},"excerpt":{"rendered":"<p>El proyecto Erasmus+ MIGRIMAGE desarrolla un M\u00e1ster Interuniversitario que se impartir\u00e1 a partir del curso 2023\/2024 en las universidades socias del proyecto. Este m\u00e1ster profundiza en los contextos de frontera de estos tres pa\u00edses del sur de Europa desde una perspectiva que vincula los estudios culturales con \u00e1reas espec\u00edficas que hemos considerado con de gran &hellip;<\/p>\n<p class=\"read-more\"> <a class=\"\" href=\"https:\/\/intlprojects2.ugr.es\/migrimage_web\/master-migrimage-en-estudios-de-culturas-fronterizas-y-comunicacion\/\"> <span class=\"screen-reader-text\">Master MIGRIMAGE en Estudios de culturas fronterizas y Comunicaci\u00f3n.<\/span> Leer m\u00e1s &raquo;<\/a><\/p>\n","protected":false},"author":2,"featured_media":0,"parent":0,"menu_order":0,"comment_status":"closed","ping_status":"closed","template":"","meta":{"footnotes":""},"class_list":["post-1082","page","type-page","status-publish","hentry"],"_links":{"self":[{"href":"https:\/\/intlprojects2.ugr.es\/migrimage_web\/wp-json\/wp\/v2\/pages\/1082","targetHints":{"allow":["GET"]}}],"collection":[{"href":"https:\/\/intlprojects2.ugr.es\/migrimage_web\/wp-json\/wp\/v2\/pages"}],"about":[{"href":"https:\/\/intlprojects2.ugr.es\/migrimage_web\/wp-json\/wp\/v2\/types\/page"}],"author":[{"embeddable":true,"href":"https:\/\/intlprojects2.ugr.es\/migrimage_web\/wp-json\/wp\/v2\/users\/2"}],"replies":[{"embeddable":true,"href":"https:\/\/intlprojects2.ugr.es\/migrimage_web\/wp-json\/wp\/v2\/comments?post=1082"}],"version-history":[{"count":5,"href":"https:\/\/intlprojects2.ugr.es\/migrimage_web\/wp-json\/wp\/v2\/pages\/1082\/revisions"}],"predecessor-version":[{"id":1088,"href":"https:\/\/intlprojects2.ugr.es\/migrimage_web\/wp-json\/wp\/v2\/pages\/1082\/revisions\/1088"}],"wp:attachment":[{"href":"https:\/\/intlprojects2.ugr.es\/migrimage_web\/wp-json\/wp\/v2\/media?parent=1082"}],"curies":[{"name":"wp","href":"https:\/\/api.w.org\/{rel}","templated":true}]}}