{"id":160,"date":"2021-04-09T14:19:19","date_gmt":"2021-04-09T12:19:19","guid":{"rendered":"https:\/\/intlprojects2.ugr.es\/migrimage_web\/?page_id=160"},"modified":"2022-12-23T20:09:35","modified_gmt":"2022-12-23T19:09:35","slug":"que-hacemos","status":"publish","type":"page","link":"https:\/\/intlprojects2.ugr.es\/migrimage_web\/que-hacemos\/","title":{"rendered":"Objetivos"},"content":{"rendered":"\t\t<div data-elementor-type=\"wp-page\" data-elementor-id=\"160\" class=\"elementor elementor-160\" data-elementor-post-type=\"page\">\n\t\t\t\t\t\t<section class=\"elementor-section elementor-top-section elementor-element elementor-element-8a881ef elementor-section-boxed elementor-section-height-default elementor-section-height-default\" data-id=\"8a881ef\" data-element_type=\"section\" data-e-type=\"section\">\n\t\t\t\t\t\t<div class=\"elementor-container elementor-column-gap-default\">\n\t\t\t\t\t<div class=\"elementor-column elementor-col-100 elementor-top-column elementor-element elementor-element-e96f21e\" data-id=\"e96f21e\" data-element_type=\"column\" data-e-type=\"column\">\n\t\t\t<div class=\"elementor-widget-wrap elementor-element-populated\">\n\t\t\t\t\t\t<div class=\"elementor-element elementor-element-dc9ca53 elementor-widget elementor-widget-heading\" data-id=\"dc9ca53\" data-element_type=\"widget\" data-e-type=\"widget\" data-widget_type=\"heading.default\">\n\t\t\t\t<div class=\"elementor-widget-container\">\n\t\t\t\t\t<h1 class=\"elementor-heading-title elementor-size-default\">\u00bfQu\u00e9 hacemos?<\/h1>\t\t\t\t<\/div>\n\t\t\t\t<\/div>\n\t\t\t\t\t<\/div>\n\t\t<\/div>\n\t\t\t\t\t<\/div>\n\t\t<\/section>\n\t\t\t\t<section class=\"elementor-section elementor-top-section elementor-element elementor-element-1389b87 elementor-section-boxed elementor-section-height-default elementor-section-height-default\" data-id=\"1389b87\" data-element_type=\"section\" data-e-type=\"section\">\n\t\t\t\t\t\t<div class=\"elementor-container elementor-column-gap-default\">\n\t\t\t\t\t<div class=\"elementor-column elementor-col-33 elementor-top-column elementor-element elementor-element-794a6eb elementor-hidden-phone\" data-id=\"794a6eb\" data-element_type=\"column\" data-e-type=\"column\">\n\t\t\t<div class=\"elementor-widget-wrap elementor-element-populated\">\n\t\t\t\t\t\t<div class=\"elementor-element elementor-element-2afc07f elementor-nav-menu__align-start elementor-nav-menu--dropdown-none elementor-widget elementor-widget-nav-menu\" data-id=\"2afc07f\" data-element_type=\"widget\" data-e-type=\"widget\" data-settings=\"{&quot;layout&quot;:&quot;vertical&quot;,&quot;submenu_icon&quot;:{&quot;value&quot;:&quot;&lt;i class=\\&quot;\\&quot; aria-hidden=\\&quot;true\\&quot;&gt;&lt;\\\/i&gt;&quot;,&quot;library&quot;:&quot;&quot;}}\" data-widget_type=\"nav-menu.default\">\n\t\t\t\t<div class=\"elementor-widget-container\">\n\t\t\t\t\t\t\t\t<nav aria-label=\"Men\u00fa\" class=\"elementor-nav-menu--main elementor-nav-menu__container elementor-nav-menu--layout-vertical e--pointer-text e--animation-none\">\n\t\t\t\t<ul id=\"menu-1-2afc07f\" class=\"elementor-nav-menu sm-vertical\"><li class=\"menu-item menu-item-type-post_type menu-item-object-page menu-item-619\"><a href=\"https:\/\/intlprojects2.ugr.es\/migrimage_web\/que-es-migrimage\/\" class=\"elementor-item menu-link\">\u00bfQu\u00e9 es Migrimage?<\/a><\/li>\n<li class=\"menu-item menu-item-type-post_type menu-item-object-page menu-item-620\"><a href=\"https:\/\/intlprojects2.ugr.es\/migrimage_web\/quienes-somos\/\" class=\"elementor-item menu-link\">Qui\u00e9nes somos<\/a><\/li>\n<li class=\"menu-item menu-item-type-post_type menu-item-object-page menu-item-621\"><a href=\"https:\/\/intlprojects2.ugr.es\/migrimage_web\/que-hacemos\/\" class=\"elementor-item menu-link\">\u00bfQu\u00e9 hacemos?<\/a><\/li>\n<li class=\"menu-item menu-item-type-taxonomy menu-item-object-category menu-item-622\"><a href=\"https:\/\/intlprojects2.ugr.es\/migrimage_web\/category\/noticias\/\" class=\"elementor-item menu-link\">Noticias<\/a><\/li>\n<\/ul>\t\t\t<\/nav>\n\t\t\t\t\t\t<nav class=\"elementor-nav-menu--dropdown elementor-nav-menu__container\" aria-hidden=\"true\">\n\t\t\t\t<ul id=\"menu-2-2afc07f\" class=\"elementor-nav-menu sm-vertical\"><li class=\"menu-item menu-item-type-post_type menu-item-object-page menu-item-619\"><a href=\"https:\/\/intlprojects2.ugr.es\/migrimage_web\/que-es-migrimage\/\" class=\"elementor-item menu-link\" tabindex=\"-1\">\u00bfQu\u00e9 es Migrimage?<\/a><\/li>\n<li class=\"menu-item menu-item-type-post_type menu-item-object-page menu-item-620\"><a href=\"https:\/\/intlprojects2.ugr.es\/migrimage_web\/quienes-somos\/\" class=\"elementor-item menu-link\" tabindex=\"-1\">Qui\u00e9nes somos<\/a><\/li>\n<li class=\"menu-item menu-item-type-post_type menu-item-object-page menu-item-621\"><a href=\"https:\/\/intlprojects2.ugr.es\/migrimage_web\/que-hacemos\/\" class=\"elementor-item menu-link\" tabindex=\"-1\">\u00bfQu\u00e9 hacemos?<\/a><\/li>\n<li class=\"menu-item menu-item-type-taxonomy menu-item-object-category menu-item-622\"><a href=\"https:\/\/intlprojects2.ugr.es\/migrimage_web\/category\/noticias\/\" class=\"elementor-item menu-link\" tabindex=\"-1\">Noticias<\/a><\/li>\n<\/ul>\t\t\t<\/nav>\n\t\t\t\t\t\t<\/div>\n\t\t\t\t<\/div>\n\t\t\t\t\t<\/div>\n\t\t<\/div>\n\t\t\t\t<div class=\"elementor-column elementor-col-66 elementor-top-column elementor-element elementor-element-978452f\" data-id=\"978452f\" data-element_type=\"column\" data-e-type=\"column\">\n\t\t\t<div class=\"elementor-widget-wrap elementor-element-populated\">\n\t\t\t\t\t\t<div class=\"elementor-element elementor-element-d2fbc6b elementor-widget elementor-widget-heading\" data-id=\"d2fbc6b\" data-element_type=\"widget\" data-e-type=\"widget\" data-widget_type=\"heading.default\">\n\t\t\t\t<div class=\"elementor-widget-container\">\n\t\t\t\t\t<h2 class=\"elementor-heading-title elementor-size-default\"><a href=\"https:\/\/intlprojects2.ugr.es\/migrimage_web\/uncategorized\/master-migrimage\/\" target=\"_blank\">M\u00e1ster en Estudios de\nComunicaci\u00f3n y Culturas de Frontera<\/a><\/h2>\t\t\t\t<\/div>\n\t\t\t\t<\/div>\n\t\t\t\t<div class=\"elementor-element elementor-element-77a46cd elementor-widget elementor-widget-text-editor\" data-id=\"77a46cd\" data-element_type=\"widget\" data-e-type=\"widget\" data-widget_type=\"text-editor.default\">\n\t\t\t\t<div class=\"elementor-widget-container\">\n\t\t\t\t\t\t\t\t\t<p>El proyecto Erasmus+ MIGRIMAGE desarrolla un M\u00e1ster Interuniversitario que se impartir\u00e1 a partir del curso 2023\/2024 en las universidades socias del proyecto. Este m\u00e1ster profundiza en los contextos de frontera de estos tres pa\u00edses del sur de Europa desde una perspectiva que vincula los estudios culturales con \u00e1reas espec\u00edficas que hemos considerado con de gran relevancia para \u201ccomunicar la frontera\u201d: las narrativas transmedia desde la perspectiva del activismo social, el periodismo digital, la geograf\u00eda, la comunicaci\u00f3n audiovisual, y la comunicaci\u00f3n para el cambio social.<\/p>\n<p>Puedes acceder a la informaci\u00f3n del m\u00e1ster a trav\u00e9s de este&nbsp;<a href=\"https:\/\/intlprojects2.ugr.es\/migrimage_web\/master-migrimage-en-estudios-de-culturas-fronterizas-y-comunicacion\/\" target=\"_blank\" style=\"background-color: rgb(255, 255, 255); font-size: 1rem;\">enlace.<\/a><\/p>\t\t\t\t\t\t\t\t<\/div>\n\t\t\t\t<\/div>\n\t\t\t\t<div class=\"elementor-element elementor-element-da99c38 elementor-widget elementor-widget-heading\" data-id=\"da99c38\" data-element_type=\"widget\" data-e-type=\"widget\" data-widget_type=\"heading.default\">\n\t\t\t\t<div class=\"elementor-widget-container\">\n\t\t\t\t\t<h2 class=\"elementor-heading-title elementor-size-default\"><a href=\"https:\/\/ocw.ugr.es\/course\/view.php?id=7\" target=\"_blank\">MOOC<\/a><\/h2>\t\t\t\t<\/div>\n\t\t\t\t<\/div>\n\t\t\t\t<div class=\"elementor-element elementor-element-ac29c01 elementor-widget elementor-widget-text-editor\" data-id=\"ac29c01\" data-element_type=\"widget\" data-e-type=\"widget\" data-widget_type=\"text-editor.default\">\n\t\t\t\t<div class=\"elementor-widget-container\">\n\t\t\t\t\t\t\t\t\t<p>MIGRIMAGE desarrolla un curso online donde podr\u00e1s conocer de cerca las diferentes realidades migratorias de las fronteras del sur de Europa, tanto del sur de Espa\u00f1a incluyendo las fronteras terrestres de Ceuta y Melilla, como del sur de Italia y de la isla de Lesbos en Grecia. De este modo queremos hacer accesible a la poblaci\u00f3n en general parte de los conocimientos que trataremos en profundidad en el desarrollo del m\u00e1ster.<br \/>Puedes acceder al MOOC a trav\u00e9s de este\u00a0<a href=\"https:\/\/ocw.ugr.es\/course\/view.php?id=7\">enlace<\/a>.<\/p>\t\t\t\t\t\t\t\t<\/div>\n\t\t\t\t<\/div>\n\t\t\t\t<div class=\"elementor-element elementor-element-5f49cc8 elementor-widget elementor-widget-heading\" data-id=\"5f49cc8\" data-element_type=\"widget\" data-e-type=\"widget\" data-widget_type=\"heading.default\">\n\t\t\t\t<div class=\"elementor-widget-container\">\n\t\t\t\t\t<h2 class=\"elementor-heading-title elementor-size-default\"><a href=\"https:\/\/intlprojects2.ugr.es\/migrimage_web\/escape-europe\/\" target=\"_blank\">WEBDOC<\/a><\/h2>\t\t\t\t<\/div>\n\t\t\t\t<\/div>\n\t\t\t\t<div class=\"elementor-element elementor-element-eb96d03 elementor-widget elementor-widget-text-editor\" data-id=\"eb96d03\" data-element_type=\"widget\" data-e-type=\"widget\" data-widget_type=\"text-editor.default\">\n\t\t\t\t<div class=\"elementor-widget-container\">\n\t\t\t\t\t\t\t\t\t<p>MIGRIMAGE tambi\u00e9n desarrolla contenidos de creaci\u00f3n participativa a trav\u00e9s de un Web Documental. A trav\u00e9s del WEBDOC podr\u00e1s acceder de manera inmersiva a nuevas narraciones sobre las fronteras del sur de Europa desarrolladas de manera participativa y audiovisual junto con la poblaci\u00f3n local y migrante que las habita y a todos los materiales del proyecto: Gu\u00edas Did\u00e1cticas de la ESCUELA DE CINE Y PERIODISMO DE FRONTERA y footage audiovisual.<br \/>Puedes acceder al WEBDOC a trav\u00e9s de este\u00a0<a href=\"https:\/\/intlprojects2.ugr.es\/migrimage_web\/escape-europe\/\" target=\"_blank\" rel=\"noopener\">enlace<\/a>.<\/p>\t\t\t\t\t\t\t\t<\/div>\n\t\t\t\t<\/div>\n\t\t\t\t\t<\/div>\n\t\t<\/div>\n\t\t\t\t\t<\/div>\n\t\t<\/section>\n\t\t\t\t<section class=\"elementor-section elementor-top-section elementor-element elementor-element-a4e3064 elementor-section-boxed elementor-section-height-default elementor-section-height-default\" data-id=\"a4e3064\" data-element_type=\"section\" data-e-type=\"section\">\n\t\t\t\t\t\t<div class=\"elementor-container elementor-column-gap-default\">\n\t\t\t\t\t<div class=\"elementor-column elementor-col-100 elementor-top-column elementor-element elementor-element-c7977ff\" data-id=\"c7977ff\" data-element_type=\"column\" data-e-type=\"column\">\n\t\t\t<div class=\"elementor-widget-wrap elementor-element-populated\">\n\t\t\t\t\t\t<div class=\"elementor-element elementor-element-fd55f53 elementor-widget elementor-widget-image\" data-id=\"fd55f53\" data-element_type=\"widget\" data-e-type=\"widget\" data-widget_type=\"image.default\">\n\t\t\t\t<div class=\"elementor-widget-container\">\n\t\t\t\t\t\t\t\t\t\t\t\t\t\t\t\t<a href=\"https:\/\/ocw.ugr.es\/course\/view.php?id=7\" target=\"_blank\">\n\t\t\t\t\t\t\t<img fetchpriority=\"high\" decoding=\"async\" width=\"768\" height=\"432\" src=\"https:\/\/intlprojects2.ugr.es\/migrimage_web\/wp-content\/uploads\/2022\/09\/Portada-Escape-Europe-768x432.jpg\" class=\"attachment-medium_large size-medium_large wp-image-881\" alt=\"\" srcset=\"https:\/\/intlprojects2.ugr.es\/migrimage_web\/wp-content\/uploads\/2022\/09\/Portada-Escape-Europe-768x432.jpg 768w, https:\/\/intlprojects2.ugr.es\/migrimage_web\/wp-content\/uploads\/2022\/09\/Portada-Escape-Europe-300x169.jpg 300w, https:\/\/intlprojects2.ugr.es\/migrimage_web\/wp-content\/uploads\/2022\/09\/Portada-Escape-Europe-1024x576.jpg 1024w, https:\/\/intlprojects2.ugr.es\/migrimage_web\/wp-content\/uploads\/2022\/09\/Portada-Escape-Europe-1536x864.jpg 1536w, https:\/\/intlprojects2.ugr.es\/migrimage_web\/wp-content\/uploads\/2022\/09\/Portada-Escape-Europe.jpg 1920w\" sizes=\"(max-width: 768px) 100vw, 768px\" \/>\t\t\t\t\t\t\t\t<\/a>\n\t\t\t\t\t\t\t\t\t\t\t\t\t\t\t<\/div>\n\t\t\t\t<\/div>\n\t\t\t\t\t<\/div>\n\t\t<\/div>\n\t\t\t\t\t<\/div>\n\t\t<\/section>\n\t\t\t\t<\/div>\n\t\t","protected":false},"excerpt":{"rendered":"<p>\u00bfQu\u00e9 hacemos? M\u00e1ster en Estudios de Comunicaci\u00f3n y Culturas de Frontera El proyecto Erasmus+ MIGRIMAGE desarrolla un M\u00e1ster Interuniversitario que se impartir\u00e1 a partir del curso 2023\/2024 en las universidades socias del proyecto. Este m\u00e1ster profundiza en los contextos de frontera de estos tres pa\u00edses del sur de Europa desde una perspectiva que vincula los &hellip;<\/p>\n<p class=\"read-more\"> <a class=\"\" href=\"https:\/\/intlprojects2.ugr.es\/migrimage_web\/que-hacemos\/\"> <span class=\"screen-reader-text\">Objetivos<\/span> Leer m\u00e1s &raquo;<\/a><\/p>\n","protected":false},"author":1,"featured_media":0,"parent":0,"menu_order":0,"comment_status":"closed","ping_status":"closed","template":"","meta":{"footnotes":""},"class_list":["post-160","page","type-page","status-publish","hentry"],"_links":{"self":[{"href":"https:\/\/intlprojects2.ugr.es\/migrimage_web\/wp-json\/wp\/v2\/pages\/160","targetHints":{"allow":["GET"]}}],"collection":[{"href":"https:\/\/intlprojects2.ugr.es\/migrimage_web\/wp-json\/wp\/v2\/pages"}],"about":[{"href":"https:\/\/intlprojects2.ugr.es\/migrimage_web\/wp-json\/wp\/v2\/types\/page"}],"author":[{"embeddable":true,"href":"https:\/\/intlprojects2.ugr.es\/migrimage_web\/wp-json\/wp\/v2\/users\/1"}],"replies":[{"embeddable":true,"href":"https:\/\/intlprojects2.ugr.es\/migrimage_web\/wp-json\/wp\/v2\/comments?post=160"}],"version-history":[{"count":66,"href":"https:\/\/intlprojects2.ugr.es\/migrimage_web\/wp-json\/wp\/v2\/pages\/160\/revisions"}],"predecessor-version":[{"id":1095,"href":"https:\/\/intlprojects2.ugr.es\/migrimage_web\/wp-json\/wp\/v2\/pages\/160\/revisions\/1095"}],"wp:attachment":[{"href":"https:\/\/intlprojects2.ugr.es\/migrimage_web\/wp-json\/wp\/v2\/media?parent=160"}],"curies":[{"name":"wp","href":"https:\/\/api.w.org\/{rel}","templated":true}]}}