{"id":868,"date":"2022-09-19T12:29:27","date_gmt":"2022-09-19T10:29:27","guid":{"rendered":"https:\/\/intlprojects2.ugr.es\/migrimage_web\/?page_id=868"},"modified":"2023-01-17T19:02:57","modified_gmt":"2023-01-17T18:02:57","slug":"escape-europe","status":"publish","type":"page","link":"https:\/\/intlprojects2.ugr.es\/migrimage_web\/escape-europe\/","title":{"rendered":"WEBDOC-SCHOOL"},"content":{"rendered":"\n<p class=\"has-text-align-center\"><\/p>\n\n\n\n\n\n<h2 class=\"has-text-color wp-block-heading\" style=\"color:#cbcfcf\">INTELECTUAL OUTPUTS (IO4) del Projecto MIGRIMAGE ERASMUS+ K2.<\/h2>\n\n\n\n<h2 class=\"has-white-color has-black-background-color has-text-color has-background wp-block-heading\">  ESCAPE EUROPE_ A Web Doc Game on The Southern Border<\/h2>\n\n\n\n<figure class=\"wp-block-image size-full\"><a href=\"https:\/\/utopi.es\/escape-europe\/\" target=\"_blank\" rel=\"noreferrer noopener\"><img fetchpriority=\"high\" decoding=\"async\" width=\"1920\" height=\"1080\" src=\"https:\/\/intlprojects2.ugr.es\/migrimage_web\/wp-content\/uploads\/2022\/09\/Portada-Escape-Europe.jpg\" alt=\"\" class=\"wp-image-881\" srcset=\"https:\/\/intlprojects2.ugr.es\/migrimage_web\/wp-content\/uploads\/2022\/09\/Portada-Escape-Europe.jpg 1920w, https:\/\/intlprojects2.ugr.es\/migrimage_web\/wp-content\/uploads\/2022\/09\/Portada-Escape-Europe-300x169.jpg 300w, https:\/\/intlprojects2.ugr.es\/migrimage_web\/wp-content\/uploads\/2022\/09\/Portada-Escape-Europe-1024x576.jpg 1024w, https:\/\/intlprojects2.ugr.es\/migrimage_web\/wp-content\/uploads\/2022\/09\/Portada-Escape-Europe-768x432.jpg 768w, https:\/\/intlprojects2.ugr.es\/migrimage_web\/wp-content\/uploads\/2022\/09\/Portada-Escape-Europe-1536x864.jpg 1536w\" sizes=\"(max-width: 1920px) 100vw, 1920px\" \/><\/a><\/figure>\n\n\n\n<p><a href=\"https:\/\/utopi.es\/escape-europe\/\" target=\"_blank\" rel=\"noreferrer noopener\">Aqu\u00ed<\/a> tienes acceso al WEB DOC GAME del proyecto MIGRIMAGE.<br>Puedes jugarlo en web o descargar la aplicaci\u00f3n en tu computadora.<br>ESCAPE EUROPE es un WebDoc con narrativa de juego que pretende sensibilizar a trav\u00e9s de la gamificaci\u00f3n transmedia sobre las vivencias de las personas migrantes y refugiadas cuando llegan a Europa.<br>El Web Doc Game compila y organiza narrativamente todos los materiales audiovisuales, did\u00e1cticos y piezas creados por las entidades socias y los y las participantes del proyecto ERASMUS+ MIGRIMAGE. Image of Migration on The Southern Border.<\/p>\n\n\n\n<hr class=\"wp-block-separator has-alpha-channel-opacity is-style-wide\"\/>\n\n\n\n<h2 class=\"has-luminous-vivid-orange-color has-black-background-color has-text-color has-background wp-block-heading\"> GU\u00cdAS  DID\u00c1CTICAS<\/h2>\n\n\n\n<p>Aqu\u00ed puedes acceder a todos los materiales did\u00e1cticos generados en el proyecto para las formaciones de la ESCUELA DE CINE Y PERIODISMO de FRONTERA. <\/p>\n\n\n\n<div style=\"width: 100%;\"><div style=\"position: relative; padding-bottom: 56.25%; padding-top: 0; height: 0;\"><iframe frameborder=\"0\" width=\"1200\" height=\"675\" style=\"position: absolute; top: 0; left: 0; width: 100%; height: 100%;\" src=\"https:\/\/view.genial.ly\/63258870b1ca270011782064\" type=\"text\/html\" allowscriptaccess=\"always\" allowfullscreen=\"true\" scrolling=\"yes\" allownetworking=\"all\"><\/iframe> <\/div> <\/div>\n\n\n\n<p><\/p>\n\n\n\n<hr class=\"wp-block-separator has-alpha-channel-opacity is-style-wide\"\/>\n\n\n\n<h2 class=\"has-luminous-vivid-orange-color has-black-background-color has-text-color has-background wp-block-heading\">  FOOTAGE FESTIVAL MIGRIMAGE<\/h2>\n\n\n\n<p>Aqu\u00ed teneis acceso a las obras audiovisuales del proyecto que conforman el Festival MIGRIMAGE. (Piezas profesionales y piezas generadas en las formaciones). Aquellas piezas que son autoconclusivas.<\/p>\n\n\n\n<p><\/p>\n\n\n\n<div style=\"width: 100%;\"><div style=\"position: relative; padding-bottom: 56.25%; padding-top: 0; height: 0;\"><iframe frameborder=\"0\" width=\"1200\" height=\"675\" style=\"position: absolute; top: 0; left: 0; width: 100%; height: 100%;\" src=\"https:\/\/view.genial.ly\/6326d76ab1ca27001179c604\" type=\"text\/html\" allowscriptaccess=\"always\" allowfullscreen=\"true\" scrolling=\"yes\" allownetworking=\"all\"><\/iframe> <\/div> <\/div>\n\n\n\n<p><\/p>\n\n\n\n<hr class=\"wp-block-separator has-alpha-channel-opacity is-style-wide\"\/>\n\n\n\n<h2 class=\"has-luminous-vivid-orange-color has-black-background-color has-text-color has-background wp-block-heading\"> PR\u00c1CTICAS DE LA ESCUELA DE CINE Y PERIODISMO DE FRONTERA<\/h2>\n\n\n\n<p>Aqui ten\u00e9is acceso a todos los materiales audiovisuales generados por lxs participantes en las formaciones realizadas en Lecce, Lesvos y Granada de la Escuela de Cine y Periodismo de Frontera.<\/p>\n\n\n\n<div style=\"width: 100%;\"><div style=\"position: relative; padding-bottom: 56.25%; padding-top: 0; height: 0;\"><iframe frameborder=\"0\" width=\"1200\" height=\"675\" style=\"position: absolute; top: 0; left: 0; width: 100%; height: 100%;\" src=\"https:\/\/view.genial.ly\/6328a3f5160bc70018f2db35\" type=\"text\/html\" allowscriptaccess=\"always\" allowfullscreen=\"true\" scrolling=\"yes\" allownetworking=\"all\"><\/iframe> <\/div> <\/div>\n\n\n\n<p><\/p>\n\n\n\n<hr class=\"wp-block-separator has-alpha-channel-opacity\"\/>\n\n\n\n<h2 class=\"has-luminous-vivid-orange-color has-black-background-color has-text-color has-background wp-block-heading\"> EVENTOS MULTIPLICADORES \/ PRESENTACI\u00d3N RESULTADOS INTELECTUALES <\/h2>\n\n\n\n<iframe width=\"1120\" height=\"630\" src=\"https:\/\/www.youtube.com\/embed\/videoseries?list=PL4oh-y3VVS3pRDJf5JXdeERHBZsZiuIkP\" title=\"YouTube video player\" frameborder=\"0\" allow=\"accelerometer; autoplay; clipboard-write; encrypted-media; gyroscope; picture-in-picture; web-share\" allowfullscreen=\"\"><\/iframe>\n\n\n\n<hr class=\"wp-block-separator has-alpha-channel-opacity\"\/>\n\n\n\n\n<div class=\"wp-block-button\"><a class=\"wp-block-button__link wp-element-button\" href=\"https:\/\/www.youtube.com\/watch?v=x7M7QKNtnvc&amp;list=PL4oh-y3VVS3pRDJf5JXdeERHBZsZiuIkP\" target=\"_blank\" rel=\"noreferrer noopener\">Aqu\u00ed puedes ver la lista de reproducci\u00f3n completa<\/a><\/div>\n\n\n\n\n<hr class=\"wp-block-separator has-alpha-channel-opacity\"\/>\n\n\n\n<hr class=\"wp-block-separator has-alpha-channel-opacity\"\/>\n","protected":false},"excerpt":{"rendered":"<p>INTELECTUAL OUTPUTS (IO4) del Projecto MIGRIMAGE ERASMUS+ K2. ESCAPE EUROPE_ A Web Doc Game on The Southern Border Aqu\u00ed tienes acceso al WEB DOC GAME del proyecto MIGRIMAGE.Puedes jugarlo en web o descargar la aplicaci\u00f3n en tu computadora.ESCAPE EUROPE es un WebDoc con narrativa de juego que pretende sensibilizar a trav\u00e9s de la gamificaci\u00f3n transmedia &hellip;<\/p>\n<p class=\"read-more\"> <a class=\"\" href=\"https:\/\/intlprojects2.ugr.es\/migrimage_web\/escape-europe\/\"> <span class=\"screen-reader-text\">WEBDOC-SCHOOL<\/span> Leer m\u00e1s &raquo;<\/a><\/p>\n","protected":false},"author":2,"featured_media":0,"parent":0,"menu_order":0,"comment_status":"closed","ping_status":"closed","template":"","meta":{"footnotes":""},"class_list":["post-868","page","type-page","status-publish","hentry"],"_links":{"self":[{"href":"https:\/\/intlprojects2.ugr.es\/migrimage_web\/wp-json\/wp\/v2\/pages\/868","targetHints":{"allow":["GET"]}}],"collection":[{"href":"https:\/\/intlprojects2.ugr.es\/migrimage_web\/wp-json\/wp\/v2\/pages"}],"about":[{"href":"https:\/\/intlprojects2.ugr.es\/migrimage_web\/wp-json\/wp\/v2\/types\/page"}],"author":[{"embeddable":true,"href":"https:\/\/intlprojects2.ugr.es\/migrimage_web\/wp-json\/wp\/v2\/users\/2"}],"replies":[{"embeddable":true,"href":"https:\/\/intlprojects2.ugr.es\/migrimage_web\/wp-json\/wp\/v2\/comments?post=868"}],"version-history":[{"count":28,"href":"https:\/\/intlprojects2.ugr.es\/migrimage_web\/wp-json\/wp\/v2\/pages\/868\/revisions"}],"predecessor-version":[{"id":1107,"href":"https:\/\/intlprojects2.ugr.es\/migrimage_web\/wp-json\/wp\/v2\/pages\/868\/revisions\/1107"}],"wp:attachment":[{"href":"https:\/\/intlprojects2.ugr.es\/migrimage_web\/wp-json\/wp\/v2\/media?parent=868"}],"curies":[{"name":"wp","href":"https:\/\/api.w.org\/{rel}","templated":true}]}}